{"id":1754,"date":"2020-02-06T13:38:37","date_gmt":"2020-02-06T18:38:37","guid":{"rendered":"http:\/\/georgemacris.ca\/?page_id=1754"},"modified":"2021-01-06T13:17:17","modified_gmt":"2021-01-06T18:17:17","slug":"postuler-en-ligne","status":"publish","type":"page","link":"https:\/\/georgemacris.ca\/fr\/postuler-en-ligne\/","title":{"rendered":"postuler en ligne"},"content":{"rendered":"<div class=\"widget blue full\" id=\"sow-editor\" data-index=\"0\"><div style=\"padding: 0px 0px 0px 0px;\" class=\"panel-widget-style\" ><div class=\"so-widget-sow-editor so-widget-sow-editor-base\">\n<div class=\"siteorigin-widget-tinymce textwidget\">\n\t<h4 style=\"color: black; text-align: center;\">Faire une demande de pr\u00eat hypoth\u00e9caire ne pourrait \u00eatre plus facile. Vous n\u2019avez qu\u2019\u00e0 remplir notre demande s\u00e9curis\u00e9e et nous communiquerons avec vous sous peu.<\/h4>\n<h4 style=\"color: black; text-align: center;\"><a href=\"https:\/\/secure.dominionlending.ca\/?app=11724&lang=fr\"><img loading=\"lazy\" class=\"aligncenter wp-image-1764 size-medium\" src=\"http:\/\/georgemacris.ca\/wp-content\/uploads\/2020\/02\/WebsiteImages_French-03-04-300x281.png\" alt=\"\" width=\"50%\" height=\"50%\" srcset=\"https:\/\/georgemacris.ca\/wp-content\/uploads\/2020\/02\/WebsiteImages_French-03-04-300x281.png 300w, https:\/\/georgemacris.ca\/wp-content\/uploads\/2020\/02\/WebsiteImages_French-03-04-768x719.png 768w, https:\/\/georgemacris.ca\/wp-content\/uploads\/2020\/02\/WebsiteImages_French-03-04-1024x958.png 1024w, https:\/\/georgemacris.ca\/wp-content\/uploads\/2020\/02\/WebsiteImages_French-03-04.png 1058w\" sizes=\"(max-width: 300px) 100vw, 300px\" \/><\/a><\/h4>\n<\/div>\n<\/div><\/div><\/div>","protected":false},"excerpt":{"rendered":"<p>Faire une demande de pr\u00eat hypoth\u00e9caire ne pourrait \u00eatre plus facile. Vous n\u2019avez qu\u2019\u00e0 remplir notre demande s\u00e9curis\u00e9e et nous communiquerons avec vous sous peu.<\/p>\n","protected":false},"author":4,"featured_media":0,"parent":0,"menu_order":0,"comment_status":"closed","ping_status":"closed","template":"page-templates\/no-banner.php","meta":[],"yoast_head":"<!-- This site is optimized with the Yoast SEO plugin v17.1 - https:\/\/yoast.com\/wordpress\/plugins\/seo\/ -->\n<meta name=\"robots\" content=\"index, follow, max-snippet:-1, max-image-preview:large, max-video-preview:-1\" \/>\n<link rel=\"canonical\" href=\"https:\/\/georgemacris.ca\/fr\/postuler-en-ligne\/\" \/>\n<meta property=\"og:locale\" content=\"fr_FR\" \/>\n<meta property=\"og:type\" content=\"article\" \/>\n<meta property=\"og:title\" content=\"postuler en ligne - Centres Hypoth\u00e9caires Dominion\" \/>\n<meta property=\"og:description\" content=\"Faire une demande de pr\u00eat hypoth\u00e9caire ne pourrait \u00eatre plus facile. Vous n\u2019avez qu\u2019\u00e0 remplir notre demande s\u00e9curis\u00e9e et nous communiquerons avec vous sous peu.\" \/>\n<meta property=\"og:url\" content=\"https:\/\/georgemacris.ca\/fr\/postuler-en-ligne\/\" \/>\n<meta property=\"og:site_name\" content=\"Centres Hypoth\u00e9caires Dominion\" \/>\n<meta property=\"article:modified_time\" content=\"2021-01-06T18:17:17+00:00\" \/>\n<meta property=\"og:image\" content=\"http:\/\/georgemacris.ca\/wp-content\/uploads\/2020\/02\/WebsiteImages_French-03-04-300x281.png\" \/>\n<meta name=\"twitter:card\" content=\"summary\" \/>\n<script type=\"application\/ld+json\" class=\"yoast-schema-graph\">{\"@context\":\"https:\/\/schema.org\",\"@graph\":[{\"@type\":\"WebSite\",\"@id\":\"https:\/\/georgemacris.ca\/#website\",\"url\":\"https:\/\/georgemacris.ca\/\",\"name\":\"Centres Hypoth\\u00e9caires Dominion\",\"description\":\"Just another WordPress site\",\"potentialAction\":[{\"@type\":\"SearchAction\",\"target\":{\"@type\":\"EntryPoint\",\"urlTemplate\":\"https:\/\/georgemacris.ca\/?s={search_term_string}\"},\"query-input\":\"required name=search_term_string\"}],\"inLanguage\":\"fr-FR\"},{\"@type\":\"ImageObject\",\"@id\":\"https:\/\/georgemacris.ca\/fr\/postuler-en-ligne\/#primaryimage\",\"inLanguage\":\"fr-FR\",\"url\":\"http:\/\/georgemacris.ca\/wp-content\/uploads\/2020\/02\/WebsiteImages_French-03-04-300x281.png\",\"contentUrl\":\"http:\/\/georgemacris.ca\/wp-content\/uploads\/2020\/02\/WebsiteImages_French-03-04-300x281.png\"},{\"@type\":\"WebPage\",\"@id\":\"https:\/\/georgemacris.ca\/fr\/postuler-en-ligne\/#webpage\",\"url\":\"https:\/\/georgemacris.ca\/fr\/postuler-en-ligne\/\",\"name\":\"postuler en ligne - Centres Hypoth\\u00e9caires Dominion\",\"isPartOf\":{\"@id\":\"https:\/\/georgemacris.ca\/#website\"},\"primaryImageOfPage\":{\"@id\":\"https:\/\/georgemacris.ca\/fr\/postuler-en-ligne\/#primaryimage\"},\"datePublished\":\"2020-02-06T18:38:37+00:00\",\"dateModified\":\"2021-01-06T18:17:17+00:00\",\"breadcrumb\":{\"@id\":\"https:\/\/georgemacris.ca\/fr\/postuler-en-ligne\/#breadcrumb\"},\"inLanguage\":\"fr-FR\",\"potentialAction\":[{\"@type\":\"ReadAction\",\"target\":[\"https:\/\/georgemacris.ca\/fr\/postuler-en-ligne\/\"]}]},{\"@type\":\"BreadcrumbList\",\"@id\":\"https:\/\/georgemacris.ca\/fr\/postuler-en-ligne\/#breadcrumb\",\"itemListElement\":[{\"@type\":\"ListItem\",\"position\":1,\"name\":\"Home\",\"item\":\"https:\/\/georgemacris.ca\/fr\/\"},{\"@type\":\"ListItem\",\"position\":2,\"name\":\"postuler en ligne\"}]}]}<\/script>\n<!-- \/ Yoast SEO plugin. -->","yoast_head_json":{"robots":{"index":"index","follow":"follow","max-snippet":"max-snippet:-1","max-image-preview":"max-image-preview:large","max-video-preview":"max-video-preview:-1"},"canonical":"https:\/\/georgemacris.ca\/fr\/postuler-en-ligne\/","og_locale":"fr_FR","og_type":"article","og_title":"postuler en ligne - Centres Hypoth\u00e9caires Dominion","og_description":"Faire une demande de pr\u00eat hypoth\u00e9caire ne pourrait \u00eatre plus facile. Vous n\u2019avez qu\u2019\u00e0 remplir notre demande s\u00e9curis\u00e9e et nous communiquerons avec vous sous peu.","og_url":"https:\/\/georgemacris.ca\/fr\/postuler-en-ligne\/","og_site_name":"Centres Hypoth\u00e9caires Dominion","article_modified_time":"2021-01-06T18:17:17+00:00","og_image":[{"url":"http:\/\/georgemacris.ca\/wp-content\/uploads\/2020\/02\/WebsiteImages_French-03-04-300x281.png"}],"twitter_card":"summary","schema":{"@context":"https:\/\/schema.org","@graph":[{"@type":"WebSite","@id":"https:\/\/georgemacris.ca\/#website","url":"https:\/\/georgemacris.ca\/","name":"Centres Hypoth\u00e9caires Dominion","description":"Just another WordPress site","potentialAction":[{"@type":"SearchAction","target":{"@type":"EntryPoint","urlTemplate":"https:\/\/georgemacris.ca\/?s={search_term_string}"},"query-input":"required name=search_term_string"}],"inLanguage":"fr-FR"},{"@type":"ImageObject","@id":"https:\/\/georgemacris.ca\/fr\/postuler-en-ligne\/#primaryimage","inLanguage":"fr-FR","url":"http:\/\/georgemacris.ca\/wp-content\/uploads\/2020\/02\/WebsiteImages_French-03-04-300x281.png","contentUrl":"http:\/\/georgemacris.ca\/wp-content\/uploads\/2020\/02\/WebsiteImages_French-03-04-300x281.png"},{"@type":"WebPage","@id":"https:\/\/georgemacris.ca\/fr\/postuler-en-ligne\/#webpage","url":"https:\/\/georgemacris.ca\/fr\/postuler-en-ligne\/","name":"postuler en ligne - Centres Hypoth\u00e9caires Dominion","isPartOf":{"@id":"https:\/\/georgemacris.ca\/#website"},"primaryImageOfPage":{"@id":"https:\/\/georgemacris.ca\/fr\/postuler-en-ligne\/#primaryimage"},"datePublished":"2020-02-06T18:38:37+00:00","dateModified":"2021-01-06T18:17:17+00:00","breadcrumb":{"@id":"https:\/\/georgemacris.ca\/fr\/postuler-en-ligne\/#breadcrumb"},"inLanguage":"fr-FR","potentialAction":[{"@type":"ReadAction","target":["https:\/\/georgemacris.ca\/fr\/postuler-en-ligne\/"]}]},{"@type":"BreadcrumbList","@id":"https:\/\/georgemacris.ca\/fr\/postuler-en-ligne\/#breadcrumb","itemListElement":[{"@type":"ListItem","position":1,"name":"Home","item":"https:\/\/georgemacris.ca\/fr\/"},{"@type":"ListItem","position":2,"name":"postuler en ligne"}]}]}},"_links":{"self":[{"href":"https:\/\/georgemacris.ca\/fr\/wp-json\/wp\/v2\/pages\/1754"}],"collection":[{"href":"https:\/\/georgemacris.ca\/fr\/wp-json\/wp\/v2\/pages"}],"about":[{"href":"https:\/\/georgemacris.ca\/fr\/wp-json\/wp\/v2\/types\/page"}],"author":[{"embeddable":true,"href":"https:\/\/georgemacris.ca\/fr\/wp-json\/wp\/v2\/users\/4"}],"replies":[{"embeddable":true,"href":"https:\/\/georgemacris.ca\/fr\/wp-json\/wp\/v2\/comments?post=1754"}],"version-history":[{"count":10,"href":"https:\/\/georgemacris.ca\/fr\/wp-json\/wp\/v2\/pages\/1754\/revisions"}],"predecessor-version":[{"id":1826,"href":"https:\/\/georgemacris.ca\/fr\/wp-json\/wp\/v2\/pages\/1754\/revisions\/1826"}],"wp:attachment":[{"href":"https:\/\/georgemacris.ca\/fr\/wp-json\/wp\/v2\/media?parent=1754"}],"curies":[{"name":"wp","href":"https:\/\/api.w.org\/{rel}","templated":true}]}}