{"id":587,"date":"2016-09-12T16:55:39","date_gmt":"2016-09-12T20:55:39","guid":{"rendered":"http:\/\/simon.wps.dev\/fr\/sample-page\/"},"modified":"2020-07-24T18:20:39","modified_gmt":"2020-07-24T22:20:39","slug":"sample-page","status":"publish","type":"page","link":"https:\/\/georgemacris.ca\/fr\/","title":{"rendered":"Welcome"},"content":{"rendered":"<div class=\"widget blue full\" id=\"sow-editor\" data-index=\"0\"><div class=\"so-widget-sow-editor so-widget-sow-editor-base\">\n<div class=\"siteorigin-widget-tinymce textwidget\">\n\t<p>Il existe g\u00e9n\u00e9ralement deux fa\u00e7ons d'obtenir un pr\u00eat hypoth\u00e9caire au Canada : aupr\u00e8s d'une institution financi\u00e8re ou aupr\u00e8s d'un conseiller en pr\u00eats hypoth\u00e9caires autoris\u00e9.<\/p>\n<p>Alors qu'une institution financi\u00e8re offre uniquement des produits qui lui sont propres, les conseillers en pr\u00eats hypoth\u00e9caires autoris\u00e9s acheminent chaque ann\u00e9e des millions de dollars en cr\u00e9dit hypoth\u00e9caire vers les plus grandes banques, coop\u00e9ratives de cr\u00e9dit, soci\u00e9t\u00e9s de fiducie et institutions financi\u00e8res du Canada. Ils offrent \u00e0 leurs clients un meilleur choix et un meilleur acc\u00e8s \u00e0 des centaines de produits hypoth\u00e9caires! Ces derniers peuvent donc avoir la certitude de b\u00e9n\u00e9ficier, en toute s\u00e9curit\u00e9, du meilleur pr\u00eat hypoth\u00e9caire r\u00e9pondant \u00e0 leurs besoins!<\/p>\n<p>Que vous soyez l'acheteur d'une premi\u00e8re maison, que vous d\u00e9siriez emprunter sur la valeur nette de votre propri\u00e9t\u00e9 (votre avoir propre foncier) \u00e0 des fins d'investissement ou de loisir, ou que votre hypoth\u00e8que actuelle arrive simplement \u00e0 expiration, il vous faut prendre une d\u00e9cision \u00e9clair\u00e9e aupr\u00e8s d'un conseiller impartial.<\/p>\n<\/div>\n<\/div><\/div><div class=\"widget blue full\" id=\"autopilotmedia\" data-index=\"1\">\t\t    <div class=\"content video-container\" style=\"margin:0px;padding:0px;\">\n\t\t\t<iframe src=\"https:\/\/www.youtube.com\/embed\/T-7Ag9O1to0?rel=0\" frameborder=\"0\" allowfullscreen><\/iframe>\n                    <\/div>\n\n               <\/div><div class=\"widget blue full\" id=\"sow-editor\" data-index=\"2\"><div style=\"padding: 0px 0px 0px 0px;\" class=\"panel-widget-style\" ><div class=\"so-widget-sow-editor so-widget-sow-editor-base\">\n<div class=\"siteorigin-widget-tinymce textwidget\">\n\t<div class=\"embed-code\"><a href=\"https:\/\/secure.dominionlending.ca\/?app=11724&lang=fr\"><img loading=\"lazy\" class=\"aligncenter wp-image-1766 size-large\" src=\"http:\/\/georgemacris.ca\/wp-content\/uploads\/2020\/02\/WebsiteImages_French-03-03-1024x199.png\" alt=\"\" width=\"100%\" height=\"100%\" srcset=\"https:\/\/georgemacris.ca\/wp-content\/uploads\/2020\/02\/WebsiteImages_French-03-03-1024x199.png 1024w, https:\/\/georgemacris.ca\/wp-content\/uploads\/2020\/02\/WebsiteImages_French-03-03-300x58.png 300w, https:\/\/georgemacris.ca\/wp-content\/uploads\/2020\/02\/WebsiteImages_French-03-03-768x149.png 768w\" sizes=\"(max-width: 1024px) 100vw, 1024px\" \/><\/a><\/div>\n<\/div>\n<\/div><\/div><\/div><div class=\"widget blue full\" id=\"lenders\" data-index=\"3\">        <div id=\"lenders\" class=\"widget full\">\n            <h2>Lenders<\/h2>\n            <div id=\"custom-sliders\" class=\"owl-carousel lenders\">\n                                                            <div class=\"item\">\n                            <div class=\"lenders-image\"\n                                 style=\"background-image: url(https:\/\/admin.wps.dlcserver.com\/wp-content\/uploads\/2021\/03\/mcap.jpg ) !important;\"><\/div>\n                        <\/div>\n                                            <div class=\"item\">\n                            <div class=\"lenders-image\"\n                                 style=\"background-image: url(https:\/\/admin.wps.dlcserver.com\/wp-content\/uploads\/2021\/03\/home-trust.jpg ) !important;\"><\/div>\n                        <\/div>\n                                            <div class=\"item\">\n                            <div class=\"lenders-image\"\n                                 style=\"background-image: url(https:\/\/admin.wps.dlcserver.com\/wp-content\/uploads\/2021\/03\/scotia-bank-fr-logo.jpg ) !important;\"><\/div>\n                        <\/div>\n                                            <div class=\"item\">\n                            <div class=\"lenders-image\"\n                                 style=\"background-image: url(https:\/\/admin.wps.dlcserver.com\/wp-content\/uploads\/2021\/03\/first-national-fr-logo.jpg ) !important;\"><\/div>\n                        <\/div>\n                                            <div class=\"item\">\n                            <div class=\"lenders-image\"\n                                 style=\"background-image: url(https:\/\/admin.wps.dlcserver.com\/wp-content\/uploads\/2021\/03\/dlc-fr-logo.jpg ) !important;\"><\/div>\n                        <\/div>\n                                            <div class=\"item\">\n                            <div class=\"lenders-image\"\n                                 style=\"background-image: url(https:\/\/admin.wps.dlcserver.com\/wp-content\/uploads\/2021\/03\/b2b-bank-fr-logo.jpg ) !important;\"><\/div>\n                        <\/div>\n                                                                                <div class=\"item\">\n                            <div class=\"lenders-image\"\n                                 style=\"background-image: url(https:\/\/admin.wps.dlcserver.com\/wp-content\/uploads\/2021\/03\/lendwise-logo.jpg ) !important;\"><\/div>\n                        <\/div>\n                                            <div class=\"item\">\n                            <div class=\"lenders-image\"\n                                 style=\"background-image: url(https:\/\/admin.wps.dlcserver.com\/wp-content\/uploads\/2021\/03\/td-logo.jpg ) !important;\"><\/div>\n                        <\/div>\n                                            <div class=\"item\">\n                            <div class=\"lenders-image\"\n                                 style=\"background-image: url(https:\/\/admin.wps.dlcserver.com\/wp-content\/uploads\/2021\/03\/merix-logo.jpg ) !important;\"><\/div>\n                        <\/div>\n                                            <div class=\"item\">\n                            <div class=\"lenders-image\"\n                                 style=\"background-image: url(https:\/\/admin.wps.dlcserver.com\/wp-content\/uploads\/2021\/03\/manulife-fr-logo.jpg ) !important;\"><\/div>\n                        <\/div>\n                                                                                                                                                                                                <\/div>\n        <\/div>\n        <\/div><div class=\"widget blue full\" id=\"testimonial\" data-index=\"4\">           <div>\n                        <div id=\"custom-sliders\" class=\"owl-carousel testimonials\">\n                                                <div class=\"item\">\n                                <div class=\"content\">\n                                    <p>May 23, 2016<\/p>\n<p>\u00ab\u00a0We would recommend George Marcis without hesitation to anyone looking to breeze through their search for the best\u00a0mortgage rate as well as the whole\u00a0application process. He knows is trade inside out and most importantly, he was always readily available to explain the steps to us in a clear and detailed manner. He is trustworthy, knowledgeable and efficient.\u00a0\u00bb<\/p>\n<p>Mirna &amp; Pedro<\/p>\n                                    <p class=\"author\"><\/p>\n                                <\/div>\n                            <\/div>\n                                                    <div class=\"item\">\n                                <div class=\"content\">\n                                    <p>George est une personne tr\u00e8s patiente et tr\u00e8s respectueuse. Gr\u00e2ce \u00e0 lui, j&rsquo;ai pue obtenir ce dont j&rsquo;avais de besoin en toute simplicit\u00e9.<\/p>\n<p>Francis October 6<sup>th<\/sup> 2014<\/p>\n                                    <p class=\"author\"><\/p>\n                                <\/div>\n                            <\/div>\n                                                    <div class=\"item\">\n                                <div class=\"content\">\n                                    <p>If you are looking for fast service, solid product knowledge and straight forward, pleasant transacting &#8211; I am delighted to recommend George Macris, mortgage broker.<\/p>\n<p>February 5, 2015, Anita<\/p>\n                                    <p class=\"author\"><\/p>\n                                <\/div>\n                            <\/div>\n                                                    <div class=\"item\">\n                                <div class=\"content\">\n                                    <p>George was able to get me the lowest rate in Quebec, I would use his services again.<\/p>\n<p>Marco <\/p>\n                                    <p class=\"author\"><\/p>\n                                <\/div>\n                            <\/div>\n                                                    <div class=\"item\">\n                                <div class=\"content\">\n                                    <p>Hard Working and Trustworthy.<\/p>\n<p>Peter<\/p>\n                                    <p class=\"author\"><\/p>\n                                <\/div>\n                            <\/div>\n                                <\/div>\n       <\/div>\n            <\/div>","protected":false},"excerpt":{"rendered":"<p>Il existe g\u00e9n\u00e9ralement deux fa\u00e7ons d&rsquo;obtenir un pr\u00eat hypoth\u00e9caire au Canada : aupr\u00e8s d&rsquo;une institution financi\u00e8re ou aupr\u00e8s d&rsquo;un conseiller en pr\u00eats hypoth\u00e9caires autoris\u00e9. Alors qu&rsquo;une institution financi\u00e8re offre uniquement des produits qui lui sont propres, les conseillers en pr\u00eats hypoth\u00e9caires autoris\u00e9s acheminent chaque ann\u00e9e des millions de dollars en cr\u00e9dit hypoth\u00e9caire vers les plus [&hellip;]<\/p>\n","protected":false},"author":1,"featured_media":0,"parent":0,"menu_order":0,"comment_status":"closed","ping_status":"open","template":"page-templates\/homepage.php","meta":[],"yoast_head":"<!-- This site is optimized with the Yoast SEO plugin v17.1 - https:\/\/yoast.com\/wordpress\/plugins\/seo\/ -->\n<meta name=\"robots\" content=\"index, follow, max-snippet:-1, max-image-preview:large, max-video-preview:-1\" \/>\n<link rel=\"canonical\" href=\"https:\/\/georgemacris.ca\/fr\/\" \/>\n<meta property=\"og:locale\" content=\"fr_FR\" \/>\n<meta property=\"og:type\" content=\"article\" \/>\n<meta property=\"og:title\" content=\"Welcome - Centres Hypoth\u00e9caires Dominion\" \/>\n<meta property=\"og:description\" content=\"Il existe g\u00e9n\u00e9ralement deux fa\u00e7ons d&rsquo;obtenir un pr\u00eat hypoth\u00e9caire au Canada : aupr\u00e8s d&rsquo;une institution financi\u00e8re ou aupr\u00e8s d&rsquo;un conseiller en pr\u00eats hypoth\u00e9caires autoris\u00e9. Alors qu&rsquo;une institution financi\u00e8re offre uniquement des produits qui lui sont propres, les conseillers en pr\u00eats hypoth\u00e9caires autoris\u00e9s acheminent chaque ann\u00e9e des millions de dollars en cr\u00e9dit hypoth\u00e9caire vers les plus [&hellip;]\" \/>\n<meta property=\"og:url\" content=\"https:\/\/georgemacris.ca\/fr\/\" \/>\n<meta property=\"og:site_name\" content=\"Centres Hypoth\u00e9caires Dominion\" \/>\n<meta property=\"article:modified_time\" content=\"2020-07-24T22:20:39+00:00\" \/>\n<meta property=\"og:image\" content=\"http:\/\/georgemacris.ca\/wp-content\/uploads\/2020\/02\/WebsiteImages_French-03-03-1024x199.png\" \/>\n<meta name=\"twitter:card\" content=\"summary\" \/>\n<meta name=\"twitter:label1\" content=\"Dur\u00e9e de lecture est.\" \/>\n\t<meta name=\"twitter:data1\" content=\"2 minutes\" \/>\n<script type=\"application\/ld+json\" class=\"yoast-schema-graph\">{\"@context\":\"https:\/\/schema.org\",\"@graph\":[{\"@type\":\"WebSite\",\"@id\":\"https:\/\/georgemacris.ca\/#website\",\"url\":\"https:\/\/georgemacris.ca\/\",\"name\":\"Centres Hypoth\\u00e9caires Dominion\",\"description\":\"Just another WordPress site\",\"potentialAction\":[{\"@type\":\"SearchAction\",\"target\":{\"@type\":\"EntryPoint\",\"urlTemplate\":\"https:\/\/georgemacris.ca\/?s={search_term_string}\"},\"query-input\":\"required name=search_term_string\"}],\"inLanguage\":\"fr-FR\"},{\"@type\":\"ImageObject\",\"@id\":\"https:\/\/georgemacris.ca\/fr\/#primaryimage\",\"inLanguage\":\"fr-FR\",\"url\":\"http:\/\/georgemacris.ca\/wp-content\/uploads\/2020\/02\/WebsiteImages_French-03-03-1024x199.png\",\"contentUrl\":\"http:\/\/georgemacris.ca\/wp-content\/uploads\/2020\/02\/WebsiteImages_French-03-03-1024x199.png\"},{\"@type\":\"WebPage\",\"@id\":\"https:\/\/georgemacris.ca\/fr\/#webpage\",\"url\":\"https:\/\/georgemacris.ca\/fr\/\",\"name\":\"Welcome - Centres Hypoth\\u00e9caires Dominion\",\"isPartOf\":{\"@id\":\"https:\/\/georgemacris.ca\/#website\"},\"primaryImageOfPage\":{\"@id\":\"https:\/\/georgemacris.ca\/fr\/#primaryimage\"},\"datePublished\":\"2016-09-12T20:55:39+00:00\",\"dateModified\":\"2020-07-24T22:20:39+00:00\",\"breadcrumb\":{\"@id\":\"https:\/\/georgemacris.ca\/fr\/#breadcrumb\"},\"inLanguage\":\"fr-FR\",\"potentialAction\":[{\"@type\":\"ReadAction\",\"target\":[\"https:\/\/georgemacris.ca\/fr\/\"]}]},{\"@type\":\"BreadcrumbList\",\"@id\":\"https:\/\/georgemacris.ca\/fr\/#breadcrumb\",\"itemListElement\":[{\"@type\":\"ListItem\",\"position\":1,\"name\":\"Home\",\"item\":\"https:\/\/georgemacris.ca\/fr\/\"},{\"@type\":\"ListItem\",\"position\":2,\"name\":\"Welcome\"}]}]}<\/script>\n<!-- \/ Yoast SEO plugin. -->","yoast_head_json":{"robots":{"index":"index","follow":"follow","max-snippet":"max-snippet:-1","max-image-preview":"max-image-preview:large","max-video-preview":"max-video-preview:-1"},"canonical":"https:\/\/georgemacris.ca\/fr\/","og_locale":"fr_FR","og_type":"article","og_title":"Welcome - Centres Hypoth\u00e9caires Dominion","og_description":"Il existe g\u00e9n\u00e9ralement deux fa\u00e7ons d&rsquo;obtenir un pr\u00eat hypoth\u00e9caire au Canada : aupr\u00e8s d&rsquo;une institution financi\u00e8re ou aupr\u00e8s d&rsquo;un conseiller en pr\u00eats hypoth\u00e9caires autoris\u00e9. Alors qu&rsquo;une institution financi\u00e8re offre uniquement des produits qui lui sont propres, les conseillers en pr\u00eats hypoth\u00e9caires autoris\u00e9s acheminent chaque ann\u00e9e des millions de dollars en cr\u00e9dit hypoth\u00e9caire vers les plus [&hellip;]","og_url":"https:\/\/georgemacris.ca\/fr\/","og_site_name":"Centres Hypoth\u00e9caires Dominion","article_modified_time":"2020-07-24T22:20:39+00:00","og_image":[{"url":"http:\/\/georgemacris.ca\/wp-content\/uploads\/2020\/02\/WebsiteImages_French-03-03-1024x199.png"}],"twitter_card":"summary","twitter_misc":{"Dur\u00e9e de lecture est.":"2 minutes"},"schema":{"@context":"https:\/\/schema.org","@graph":[{"@type":"WebSite","@id":"https:\/\/georgemacris.ca\/#website","url":"https:\/\/georgemacris.ca\/","name":"Centres Hypoth\u00e9caires Dominion","description":"Just another WordPress site","potentialAction":[{"@type":"SearchAction","target":{"@type":"EntryPoint","urlTemplate":"https:\/\/georgemacris.ca\/?s={search_term_string}"},"query-input":"required name=search_term_string"}],"inLanguage":"fr-FR"},{"@type":"ImageObject","@id":"https:\/\/georgemacris.ca\/fr\/#primaryimage","inLanguage":"fr-FR","url":"http:\/\/georgemacris.ca\/wp-content\/uploads\/2020\/02\/WebsiteImages_French-03-03-1024x199.png","contentUrl":"http:\/\/georgemacris.ca\/wp-content\/uploads\/2020\/02\/WebsiteImages_French-03-03-1024x199.png"},{"@type":"WebPage","@id":"https:\/\/georgemacris.ca\/fr\/#webpage","url":"https:\/\/georgemacris.ca\/fr\/","name":"Welcome - Centres Hypoth\u00e9caires Dominion","isPartOf":{"@id":"https:\/\/georgemacris.ca\/#website"},"primaryImageOfPage":{"@id":"https:\/\/georgemacris.ca\/fr\/#primaryimage"},"datePublished":"2016-09-12T20:55:39+00:00","dateModified":"2020-07-24T22:20:39+00:00","breadcrumb":{"@id":"https:\/\/georgemacris.ca\/fr\/#breadcrumb"},"inLanguage":"fr-FR","potentialAction":[{"@type":"ReadAction","target":["https:\/\/georgemacris.ca\/fr\/"]}]},{"@type":"BreadcrumbList","@id":"https:\/\/georgemacris.ca\/fr\/#breadcrumb","itemListElement":[{"@type":"ListItem","position":1,"name":"Home","item":"https:\/\/georgemacris.ca\/fr\/"},{"@type":"ListItem","position":2,"name":"Welcome"}]}]}},"_links":{"self":[{"href":"https:\/\/georgemacris.ca\/fr\/wp-json\/wp\/v2\/pages\/587"}],"collection":[{"href":"https:\/\/georgemacris.ca\/fr\/wp-json\/wp\/v2\/pages"}],"about":[{"href":"https:\/\/georgemacris.ca\/fr\/wp-json\/wp\/v2\/types\/page"}],"author":[{"embeddable":true,"href":"https:\/\/georgemacris.ca\/fr\/wp-json\/wp\/v2\/users\/1"}],"replies":[{"embeddable":true,"href":"https:\/\/georgemacris.ca\/fr\/wp-json\/wp\/v2\/comments?post=587"}],"version-history":[{"count":30,"href":"https:\/\/georgemacris.ca\/fr\/wp-json\/wp\/v2\/pages\/587\/revisions"}],"predecessor-version":[{"id":1825,"href":"https:\/\/georgemacris.ca\/fr\/wp-json\/wp\/v2\/pages\/587\/revisions\/1825"}],"wp:attachment":[{"href":"https:\/\/georgemacris.ca\/fr\/wp-json\/wp\/v2\/media?parent=587"}],"curies":[{"name":"wp","href":"https:\/\/api.w.org\/{rel}","templated":true}]}}